{"id":383,"date":"2016-03-16T16:24:11","date_gmt":"2016-03-16T16:24:11","guid":{"rendered":"http:\/\/www.nendu.net\/?page_id=383"},"modified":"2016-06-21T12:36:57","modified_gmt":"2016-06-21T12:36:57","slug":"sobre-2","status":"publish","type":"page","link":"https:\/\/www.nendu.net\/?page_id=383&lang=pt","title":{"rendered":"Sobre"},"content":{"rendered":"<hr \/>\n<p align=\"left\"><span style=\"font-size: 14pt; color: #000000;\">Nend\u00fa \u00e9 uma plataforma online que visa a cria\u00e7\u00e3o de um\u00a0<i><em>arquivo<\/em><\/i>\u00a0online dedicado \u00e0 apresenta\u00e7\u00e3o e mapeamento de artistas sonor@s brasileir@s, com base nos seguintes objetivos:<br \/>\n<\/span><\/p>\n<p align=\"left\"><span style=\"font-size: 14pt; color: #000000;\">1) a cria\u00e7\u00e3o de um &#8216;espa\u00e7o&#8217; de dissemina\u00e7\u00e3o e conhecimento da pr\u00e1tica local;<br \/>\n2)\u00a0o instigar de conversas ou processos de documenta\u00e7\u00e3o que ilustrem processos individuais de cria\u00e7\u00e3o;<br \/>\n3) o arquivo como ferramenta de pesquisa;<br \/>\n4) a cria\u00e7\u00e3o de um relato hist\u00f3rico e cr\u00edtico sobre arte sonora brasileira.<\/span><\/p>\n<p align=\"left\"><span style=\"color: #000000;\"><span style=\"font-size: large;\">O primeiro elemento diz respeito \u00e0 cria\u00e7\u00e3o de um mapa. Uma\u00a0cartografia online dos &#8216;praticantes&#8217; deste tipo de fazer art\u00edstico no qual \u00e9 poss\u00edvel fazer uma navega\u00e7\u00e3o geogr\u00e1fica e por\u00a0<\/span><em><span style=\"font-size: large;\">categorias:\u00a0<\/span><\/em><span style=\"font-size: large;\">designa\u00e7\u00f5es de pr\u00e1ticas que percorrem o imagin\u00e1rio actual da historiografia e reflex\u00e3o sobre arte sonora.\u00a0<\/span><\/span><\/p>\n<p align=\"left\"><span style=\"font-size: large; color: #000000;\">Um imagin\u00e1rio que reflecte um territ\u00f3rio rizom\u00e1tico, um lugar poroso que ecoa a \u00f3bvia especificidade da experi\u00eancia\u00a0e apresenta\u00e7\u00e3o de trabalhos que soam &#8212; em termos temporais, espaciais ou formais &#8212; mas que n\u00e3o exclui a liga\u00e7\u00e3o pr\u00e1tica, conceptual e hist\u00f3rica \u00e0 m\u00fasica, arquitetura, performance ou artes visuais. Esta &#8216;sensibilidade&#8217; ou express\u00e3o interdisciplinar reflete o processo de sele\u00e7\u00e3o que passou por uma pesquisa individual, mas tamb\u00e9m por contatos a curador@s, amig@s ou pesquisador@s; um processo que se encontra aberto at\u00e9 ao final do projeto, a qualquer indiv\u00eddu@ que queira fazer parte deste reposit\u00f3rio. Esta abertura possibilita um di\u00e1logo entre o &#8216;arquivista&#8217; e os demais interessados, ao mesmo tempo que fomenta uma reflex\u00e3o sobre a rela\u00e7\u00e3o de perten\u00e7a com o termo &#8216;arte sonora&#8217; e o papel do som em diferentes pr\u00e1ticas art\u00edsticas.<\/span><\/p>\n<p style=\"text-align: left;\" align=\"justify\"><span style=\"color: #000000; font-size: 14pt;\"><span style=\"font-family: 'PT Serif', serif;\">O segundo elemento, chamado de &#8216;Di\u00e1rio, consiste\u00a0num\u00a0trabalho de campo (at\u00e9 meados de 2016) donde o \u2018arquivista\u2019 tenta capturar junto de uma sele\u00e7\u00e3o de artistas menor \u00a0&#8212; refletindo uma diversidade geogr\u00e1fica e pr\u00e1tica &#8212; relatos do fazer art\u00edstico no campo das \u2018artes sonoras\u2019. Este material \u00e9 publicado em formato de blogue em paralelo ao mapa, auxiliado pela captura de\u00a0outros materiais que retratem o processo criativo de cada artista: fotografias, textos, pautas, v\u00eddeos, grava\u00e7\u00f5es \u00e1udio.<\/span><\/span><\/p>\n<p align=\"left\"><span style=\"font-family: 'PT Serif', serif; font-size: 14pt;\">A<span style=\"color: #000000;\">s estrat\u00e9gias utilizadas e a forma como o projeto \u00e9 apresentado, reflete a subjetividade do &#8216;arquivista&#8217; e o seu posicionamento ideol\u00f3gico relativo ao imagin\u00e1rio conceitual e pr\u00e1tico das &#8216;artes sonoras&#8217;. O\u00a0t\u00edtulo deste projeto elucida essa dimens\u00e3o (com a inclus\u00e3o do &#8216;poss\u00edvel) e explicita a natureza temporal deste trabalho.\u00a0<\/span><\/span><\/p>\n<p align=\"left\"><span style=\"font-size: 14pt;\"><span style=\"color: #000000;\"><em>\u2018<\/em><\/span><span style=\"color: #000000;\"><span style=\"font-family: 'PT Serif', serif;\"><i><em>Um poss\u00edvel arquivo de arte sonora brasileira realizado entre 2016-2017\u2019<\/em><\/i><\/span><\/span><\/span><\/p>\n<p><span style=\"font-size: 14pt; color: #000000;\">A articula\u00e7\u00e3o destes dois elementos (mapa\/di\u00e1rio) articula uma dimens\u00e3o\u00a0cr\u00edtica relativamente \u00e0 ideia de arquivo como uma ferramenta de pesquisa: n\u00e3o s\u00f3 como um reposit\u00f3rio de trabalhos, mas tamb\u00e9m como uma forma de fazer uma &#8216;arqueologia&#8217; dos discursos, objetos e processos de diferentes artistas. Uma plataforma digital que aposta n\u00e3o s\u00f3 na cataloga\u00e7\u00e3o, mas como tamb\u00e9m na discuss\u00e3o &#8212; um processo baseado na rela\u00e7\u00e3o estabelecida entre o arquivista\/artista. Do ponto de vista metodol\u00f3gico, a cria\u00e7\u00e3o do arquivo \u00e9 suportado por uma abordagem etnogr\u00e1fica: tra\u00e7ando ideias comuns ou padr\u00f5es por entre conversas, materiais ou outros artefatos (livros, filmes, grava\u00e7\u00f5es sonoras ou fotografias) recolhidos durante o projeto. Isto permite n\u00e3o s\u00f3 uma compreens\u00e3o de um poss\u00edvel discurso formal est\u00e9tico (individual\/colectivo), mas tamb\u00e9m uma reflex\u00e3o e contextualiza\u00e7\u00e3o desta tem\u00e1tica dentro de uma arena cultural mais geral. O objetivo, \u00e9 que atrav\u00e9s do mapeamento de determinadas &#8216;fazeres&#8217;, possamos permitir aos participantes\/artistas \u2014 mas tamb\u00e9m a poss\u00edveis utilizadores \u2014 uma melhor compreens\u00e3o dos termos culturais prevalentes.<\/span><\/p>\n<p align=\"left\"><span style=\"font-size: 14pt; color: #000000;\">Por fim, esta metodologia sustenta a cria\u00e7\u00e3o de um relato hist\u00f3rico e cr\u00edtico sobre o panorama atual de &#8216;arte sonora&#8217;. Porque\u00a0Nend\u00fa tamb\u00e9m \u00e9 Tupi para ouvir-se.\u00a0 Esse movimento de uma escuta a si mesmo, de uma tomada de consci\u00eancia da exist\u00eancia de uma &#8216;voz&#8217; serve de met\u00e1fora para um arquivo e reflex\u00e3o que visa fazer uma contribui\u00e7\u00e3o para a constitui\u00e7\u00e3o de uma historiografia e reflex\u00e3o alternativa a narrativas focadas em realidades euro-americanas.<\/span><\/p>\n<p align=\"left\">\/\/<\/p>\n<p align=\"left\"><span style=\"font-size: 12pt;\"><em><strong>Nend\u00fa &#8211;\u00a0&#8216;Um poss\u00edvel arquivo de arte sonora brasileir@ realizado entre 2016-2017&#8217; \u00e9 \u00a0um projeto de p\u00f3s-doutorando realizado pelo Rui Chaves. Com apoio da <a href=\"http:\/\/www.fapesp.br\/\">FAPESP<\/a> (Funda\u00e7\u00e3o de Amparo \u00e0 Pesquisa do Estado de S\u00e3o Paulo) e com base no <a href=\"http:\/\/www2.eca.usp.br\/nusom\/\">NuSom<\/a> &#8211; N\u00facleo de Pesquisas em Sonologia.<\/strong><\/em><\/span><\/p>\n<p align=\"left\"><span style=\"font-size: 12pt;\"><strong><em>Eu quero agradecer ao Fernando Iazzetta pelo seu apoio e orienta\u00e7\u00e3o &#8212; tornando este projeto poss\u00edvel. Tamb\u00e9m quero mencionar o Christof Migone, pelas conversas que tivemos e que eventualmente moldaram algumas das metodologias usadas nesta pesquisa.<\/em><\/strong><\/span><\/p>\n<p align=\"left\">\n","protected":false},"excerpt":{"rendered":"<p>Nend\u00fa \u00e9 uma plataforma online que visa a cria\u00e7\u00e3o de um\u00a0arquivo\u00a0online dedicado \u00e0 apresenta\u00e7\u00e3o e mapeamento de artistas sonor@s brasileir@s, &hellip; <a href=\"https:\/\/www.nendu.net\/?page_id=383&#038;lang=pt\" class=\"more-link\">Continue reading <span class=\"screen-reader-text\">Sobre<\/span><\/a><\/p>\n","protected":false},"author":1,"featured_media":0,"parent":0,"menu_order":0,"comment_status":"closed","ping_status":"closed","template":"","meta":[],"_links":{"self":[{"href":"https:\/\/www.nendu.net\/index.php?rest_route=\/wp\/v2\/pages\/383"}],"collection":[{"href":"https:\/\/www.nendu.net\/index.php?rest_route=\/wp\/v2\/pages"}],"about":[{"href":"https:\/\/www.nendu.net\/index.php?rest_route=\/wp\/v2\/types\/page"}],"author":[{"embeddable":true,"href":"https:\/\/www.nendu.net\/index.php?rest_route=\/wp\/v2\/users\/1"}],"replies":[{"embeddable":true,"href":"https:\/\/www.nendu.net\/index.php?rest_route=%2Fwp%2Fv2%2Fcomments&post=383"}],"version-history":[{"count":10,"href":"https:\/\/www.nendu.net\/index.php?rest_route=\/wp\/v2\/pages\/383\/revisions"}],"predecessor-version":[{"id":1055,"href":"https:\/\/www.nendu.net\/index.php?rest_route=\/wp\/v2\/pages\/383\/revisions\/1055"}],"wp:attachment":[{"href":"https:\/\/www.nendu.net\/index.php?rest_route=%2Fwp%2Fv2%2Fmedia&parent=383"}],"curies":[{"name":"wp","href":"https:\/\/api.w.org\/{rel}","templated":true}]}}